{"id":27,"date":"2017-04-02T14:31:09","date_gmt":"2017-04-02T14:31:09","guid":{"rendered":"http:\/\/ellipsi.fi\/wp\/?page_id=27"},"modified":"2026-03-05T09:40:34","modified_gmt":"2026-03-05T07:40:34","slug":"opinnaytetyot","status":"publish","type":"page","link":"https:\/\/ellipsi.fi\/wp\/opinnaytetyot\/","title":{"rendered":"Opinn\u00e4ytety\u00f6t"},"content":{"rendered":"<p>Oletko kirjoittamassa suomenkielist\u00e4 gradua, v\u00e4it\u00f6skirjaa, amk-lopputy\u00f6t\u00e4?<\/p>\r\n<p>Opinn\u00e4ytety\u00f6n kieliasu on yksi ty\u00f6n arvosteluperuste. Joskus kieliasun tarkistus vaikuttaa jopa ty\u00f6n arvosanaan tai siihen, ett\u00e4 ty\u00f6 tulee hyv\u00e4ksytyksi. Tarkistus kannattaa aina!<\/p>\r\n<p>Kahdenkymmenenviiden vuoden kokemus antaa minulle perspektiivi\u00e4 gradujen, v\u00e4it\u00f6skirjojen ja muiden opinn\u00e4ytteiden lukemiseen ja tarkistamiseen. Oikeinkirjoituksen tarkistukseen l\u00f6ytyy tietoa ja hyvi\u00e4 apuv\u00e4lineit\u00e4 my\u00f6s netist\u00e4, mutta opinn\u00e4ytteen kieliasu on paljon muutakin kuin oikeinkirjoitusta.<\/p>\r\n<p>Opinn\u00e4ytety\u00f6n tarkistus voi olla nopea oikoluku tai perusteellisempi kielenhuolto, jolloin muokkaan my\u00f6s tekstin lauserakennetta sujuvammaksi. Tarvittaessa voin toimia jopa er\u00e4\u00e4nlaisena ylim\u00e4\u00e4r\u00e4isen\u00e4, ulkopuolisena opponenttina. Silloin kiinnit\u00e4n huomiota paitsi ty\u00f6n kieliasuun my\u00f6s sen sis\u00e4lt\u00f6\u00f6n ja rakenteeseen.<\/p>\r\n<h2>L\u00e4hdeluettelo<\/h2>\r\n<p>Opinn\u00e4ytety\u00f6n l\u00e4hdeluettelo on usein hyv\u00e4 k\u00e4yd\u00e4 tekstin tarkistuksen yhteydess\u00e4 l\u00e4pi. Oikeinkirjoituksen ja julkaisutietojen tarkistamisen lis\u00e4ksi l\u00e4hdeluettelon tarkistukseen kuuluu sen tarkistaminen, ett\u00e4 kaikki tekstiviitteiss\u00e4 mainitut l\u00e4hteet ovat mukana l\u00e4hdeluettelossa ja ett\u00e4 kaikkiin l\u00e4hdeluettelossa oleviin l\u00e4hteisiin on viitattu tekstiss\u00e4. Tarkistaessani merkitsen puuttuvat ja ylim\u00e4\u00e4r\u00e4iset l\u00e4hteet.<\/p>\r\n<p>L\u00e4hdeluettelon voi laatia usealla eri tavalla, ja k\u00e4yt\u00e4nn\u00f6t vaihtelevat. Niinp\u00e4 jos sinulla on s\u00e4hk\u00f6inen versio oman oppilaitoksesi opinn\u00e4ytety\u00f6ohjeesta ja haluat tarkistuttaa my\u00f6s l\u00e4hdeluettelon, l\u00e4het\u00e4 ohje samalla, kun l\u00e4het\u00e4t opinn\u00e4ytety\u00f6si tarkistettavaksi.<\/p>\r\n<p>Tarvittaessa kiinnit\u00e4n huomioni my\u00f6s muihin ty\u00f6n muotoseikkoihin ja tarkistan, ett\u00e4 ty\u00f6si on juuri oman oppilaitoksesi k\u00e4yt\u00e4nt\u00f6jen mukainen.<\/p>\r\n<h2>Oikoluku \u2013 viime tipan kielenhuoltoty\u00f6<\/h2>\r\n<p>Joskus k\u00e4y niin, ett\u00e4 opinn\u00e4ytety\u00f6 valmistuu vasta hyvin l\u00e4hell\u00e4 ty\u00f6n j\u00e4tt\u00f6p\u00e4iv\u00e4\u00e4. Viime tippa onkin tunnetusti hyv\u00e4 kannustin. Kun aikaa j\u00e4\u00e4 v\u00e4h\u00e4n, sit\u00e4 j\u00e4\u00e4 v\u00e4h\u00e4n my\u00f6s ty\u00f6n viimeistelylle. Silloinkin voi kuitenkin olla aikaa tekstin nopealle oikoluvulle, ja jos opinn\u00e4yteteksti on kirjoitettu kiireess\u00e4, on virheit\u00e4 voinut j\u00e4\u00e4d\u00e4 tekstiin.<\/p>\r\n<div class=\"su-pullquote su-pullquote-align-left\">Opinn\u00e4ytet\u00f6iden oikoluvut parhaimmillaan aivan viime tipassa \u2013 pyyd\u00e4 tarjous!<\/div>\r\n<p>Olet tehnyt suuren ty\u00f6n opinn\u00e4ytety\u00f6si eteen. Anna ty\u00f6lle viel\u00e4 sen ansaitsema loppusilaus, kielenhuolto. Ota yhteytt\u00e4!<\/p>\r\n<hr \/>\r\n<h5>Hinnoittelusta<\/h5>\r\n<p>Kaikki tekstit ovat erilaisia, ja siksi teen jokaisesta ty\u00f6st\u00e4 erikseen tarjouksen. T\u00e4ss\u00e4 kuitenkin muutamia suuntaa antavia keskim\u00e4\u00e4r\u00e4isi\u00e4 hintoja:<\/p>\r\n<p>50\u201360-sivuinen opinn\u00e4yte, esim. AMK-lopputy\u00f6<\/p>\r\n<ul>\r\n<li>oikoluku: 230\u2013360 \u20ac<\/li>\r\n<li>perusteellinen kielentarkistus: 390\u2013650 \u20ac<\/li>\r\n<\/ul>\r\n<p>80-sivuinen opinn\u00e4yte, esim. pro gradu -ty\u00f6<\/p>\r\n<ul>\r\n<li>oikoluku: 340\u2013520 \u20ac<\/li>\r\n<li>perusteellinen kielentarkistus: 630\u2013810 \u20ac<\/li>\r\n<\/ul>\r\n<p>200-sivuinen opinn\u00e4yte, esim. v\u00e4it\u00f6skirja<\/p>\r\n<ul>\r\n<li>oikoluku: 990\u20131 360 \u20ac<\/li>\r\n<li>perusteellinen kielentarkistus: 1 600\u20132 130 \u20ac<\/li>\r\n<\/ul>\r\n<p>Edell\u00e4 olevat esimerkkihinnat on arvioitu t\u00f6ille, joissa on yhdell\u00e4 sivulla teksti\u00e4 melko paljon, noin 260 sanaa ja 2 200 merkki\u00e4 ilman v\u00e4lily\u00f6ntej\u00e4. Pelk\u00e4n sivum\u00e4\u00e4r\u00e4tiedon perusteella ty\u00f6n hinnan voi arvioida vain summittaisesti, ja todellinen lopullinen hinta voi poiketa edell\u00e4 olevista v\u00e4himm\u00e4is- ja enimm\u00e4ishinnoista. <a href=\"https:\/\/ellipsi.fi\/yhteystiedot\/\">Siksi ty\u00f6st\u00e4 kannattaa aina pyyt\u00e4\u00e4 tarjous<\/a>!\u00a0<\/p>\r\n<p>Viime aikoina toteutuneita opinn\u00e4ytety\u00f6n kielentarkistuksen hintoja:<\/p>\r\n<ul>\r\n<li>20-sivuinen amk-opinn\u00e4ytety\u00f6, terveydenhuoltoala, 275 euroa<\/li>\r\n<li>10-sivuinen tutkimussuunnitelma, perusteellinen kielenhuolto ja tekstin tiivist\u00e4minen, 300 euroa<\/li>\r\n<li>82-sivuinen pro gradu -ty\u00f6, kauppatiede, 650 euroa<\/li>\r\n<li>95-sivuinen maisterintutkielma, yhteiskuntatiede, 525 euroa<\/li>\r\n<li>75-sivuinen pro gradu -ty\u00f6, informaatioteknologia, kevyt oikoluku, 350 euroa<\/li>\r\n<li>44-sivuinen amk-opinn\u00e4ytety\u00f6, s\u00e4hk\u00f6- ja automaatiotekniikka, perusteellinen kielentarkistus, 630 euroa<\/li>\r\n<li>200-sivuinen v\u00e4it\u00f6skirja, arkkitehtuuri, 2 300 euroa<\/li>\r\n<\/ul>\r\n<p>N\u00e4iss\u00e4 kaikissa hinnoissa on mukana arvonlis\u00e4vero (25,5 %).<\/p>\r\n<p>Hintatiedot p\u00e4ivitetty alkuvuonna 2026.<\/p>\r\n\r\n<p>&nbsp;<\/p>\r\n","protected":false},"excerpt":{"rendered":"<p>Oletko kirjoittamassa suomenkielist\u00e4 gradua, v\u00e4it\u00f6skirjaa, amk-lopputy\u00f6t\u00e4? Opinn\u00e4ytety\u00f6n kieliasu on yksi ty\u00f6n arvosteluperuste. Joskus kieliasun tarkistus vaikuttaa jopa ty\u00f6n arvosanaan tai siihen, ett\u00e4 ty\u00f6 tulee hyv\u00e4ksytyksi. Tarkistus kannattaa aina! Kahdenkymmenenviiden vuoden kokemus antaa minulle perspektiivi\u00e4 gradujen, v\u00e4it\u00f6skirjojen ja muiden opinn\u00e4ytteiden lukemiseen ja tarkistamiseen. Oikeinkirjoituksen tarkistukseen l\u00f6ytyy tietoa ja hyvi\u00e4 apuv\u00e4lineit\u00e4 my\u00f6s netist\u00e4, mutta opinn\u00e4ytteen kieliasu on [&hellip;]<\/p>\n","protected":false},"author":3,"featured_media":0,"parent":0,"menu_order":0,"comment_status":"closed","ping_status":"closed","template":"","meta":{"footnotes":""},"class_list":["post-27","page","type-page","status-publish","czr-hentry"],"_links":{"self":[{"href":"https:\/\/ellipsi.fi\/wp\/wp-json\/wp\/v2\/pages\/27","targetHints":{"allow":["GET"]}}],"collection":[{"href":"https:\/\/ellipsi.fi\/wp\/wp-json\/wp\/v2\/pages"}],"about":[{"href":"https:\/\/ellipsi.fi\/wp\/wp-json\/wp\/v2\/types\/page"}],"author":[{"embeddable":true,"href":"https:\/\/ellipsi.fi\/wp\/wp-json\/wp\/v2\/users\/3"}],"replies":[{"embeddable":true,"href":"https:\/\/ellipsi.fi\/wp\/wp-json\/wp\/v2\/comments?post=27"}],"version-history":[{"count":16,"href":"https:\/\/ellipsi.fi\/wp\/wp-json\/wp\/v2\/pages\/27\/revisions"}],"predecessor-version":[{"id":607,"href":"https:\/\/ellipsi.fi\/wp\/wp-json\/wp\/v2\/pages\/27\/revisions\/607"}],"wp:attachment":[{"href":"https:\/\/ellipsi.fi\/wp\/wp-json\/wp\/v2\/media?parent=27"}],"curies":[{"name":"wp","href":"https:\/\/api.w.org\/{rel}","templated":true}]}}